{"id":9265,"date":"2026-04-09T05:58:48","date_gmt":"2026-04-09T10:58:48","guid":{"rendered":"https:\/\/www.capechi.org\/formulario\/?page_id=9265"},"modified":"2026-04-29T11:18:10","modified_gmt":"2026-04-29T16:18:10","slug":"iii-edicion-rueda-de-negocios-peru-china-objetivo","status":"publish","type":"page","link":"https:\/\/www.capechi.org\/formulario\/iii-edicion-rueda-de-negocios-peru-china-objetivo\/","title":{"rendered":"III edici\u00f3n rueda de negocios Per\u00fa &#8211; China &#8211; Objetivo"},"content":{"rendered":"\t\t<div data-elementor-type=\"wp-page\" data-elementor-id=\"9265\" class=\"elementor elementor-9265\" data-elementor-post-type=\"page\">\n\t\t\t\t<div class=\"elementor-element elementor-element-305d2367 e-flex e-con-boxed e-con e-parent\" data-id=\"305d2367\" data-element_type=\"container\" data-settings=\"{&quot;jet_parallax_layout_list&quot;:[]}\" data-core-v316-plus=\"true\">\n\t\t\t\t\t<div class=\"e-con-inner\">\n\t\t\t\t<div class=\"elementor-element elementor-element-15101c98 elementor-widget elementor-widget-image\" data-id=\"15101c98\" data-element_type=\"widget\" data-widget_type=\"image.default\">\n\t\t\t\t<div class=\"elementor-widget-container\">\n\t\t\t<style>\/*! elementor - v3.20.0 - 26-03-2024 *\/\n.elementor-widget-image{text-align:center}.elementor-widget-image a{display:inline-block}.elementor-widget-image a img[src$=\".svg\"]{width:48px}.elementor-widget-image img{vertical-align:middle;display:inline-block}<\/style>\t\t\t\t\t\t\t\t\t\t<img decoding=\"async\" width=\"210\" height=\"102\" src=\"https:\/\/www.capechi.org\/formulario\/wp-content\/uploads\/2022\/10\/logo2_capechi_fiscalizacion.png\" class=\"attachment-large size-large wp-image-45\" alt=\"\" \/>\t\t\t\t\t\t\t\t\t\t\t\t\t<\/div>\n\t\t\t\t<\/div>\n\t\t\t\t\t<\/div>\n\t\t\t\t<\/div>\n\t\t<div class=\"elementor-element elementor-element-3eefbfae e-flex e-con-boxed e-con e-parent\" data-id=\"3eefbfae\" data-element_type=\"container\" data-settings=\"{&quot;jet_parallax_layout_list&quot;:[]}\" data-core-v316-plus=\"true\">\n\t\t\t\t\t<div class=\"e-con-inner\">\n\t\t\t\t<div class=\"elementor-element elementor-element-50c7237 elementor-widget elementor-widget-heading\" data-id=\"50c7237\" data-element_type=\"widget\" data-widget_type=\"heading.default\">\n\t\t\t\t<div class=\"elementor-widget-container\">\n\t\t\t<style>\/*! elementor - v3.20.0 - 26-03-2024 *\/\n.elementor-heading-title{padding:0;margin:0;line-height:1}.elementor-widget-heading .elementor-heading-title[class*=elementor-size-]>a{color:inherit;font-size:inherit;line-height:inherit}.elementor-widget-heading .elementor-heading-title.elementor-size-small{font-size:15px}.elementor-widget-heading .elementor-heading-title.elementor-size-medium{font-size:19px}.elementor-widget-heading .elementor-heading-title.elementor-size-large{font-size:29px}.elementor-widget-heading .elementor-heading-title.elementor-size-xl{font-size:39px}.elementor-widget-heading .elementor-heading-title.elementor-size-xxl{font-size:59px}<\/style><h2 class=\"elementor-heading-title elementor-size-default\">AVISO  URGENTE\n<\/h2>\t\t<\/div>\n\t\t\t\t<\/div>\n\t\t\t\t\t<\/div>\n\t\t\t\t<\/div>\n\t\t<div class=\"elementor-element elementor-element-61dccc6c e-flex e-con-boxed e-con e-parent\" data-id=\"61dccc6c\" data-element_type=\"container\" data-settings=\"{&quot;background_background&quot;:&quot;classic&quot;,&quot;jet_parallax_layout_list&quot;:[]}\" data-core-v316-plus=\"true\">\n\t\t\t\t\t<div class=\"e-con-inner\">\n\t\t\t\t<div class=\"elementor-element elementor-element-e80b1ec elementor-widget elementor-widget-text-editor\" data-id=\"e80b1ec\" data-element_type=\"widget\" data-widget_type=\"text-editor.default\">\n\t\t\t\t<div class=\"elementor-widget-container\">\n\t\t\t<style>\/*! elementor - v3.20.0 - 26-03-2024 *\/\n.elementor-widget-text-editor.elementor-drop-cap-view-stacked .elementor-drop-cap{background-color:#69727d;color:#fff}.elementor-widget-text-editor.elementor-drop-cap-view-framed .elementor-drop-cap{color:#69727d;border:3px solid;background-color:transparent}.elementor-widget-text-editor:not(.elementor-drop-cap-view-default) .elementor-drop-cap{margin-top:8px}.elementor-widget-text-editor:not(.elementor-drop-cap-view-default) .elementor-drop-cap-letter{width:1em;height:1em}.elementor-widget-text-editor .elementor-drop-cap{float:left;text-align:center;line-height:1;font-size:50px}.elementor-widget-text-editor .elementor-drop-cap-letter{display:inline-block}<\/style>\t\t\t\tLe agradecemos su inter\u00e9s en participar en la <b> III EDICI\u00d3N PER\u00da \u2013 CHINA: RUEDA DE NEGOCIOS MINER\u00cdA, ENERG\u00cdA, TECNOLOG\u00cdA E INFRAESTRUCTURA <\/b>, pero las inscripciones de participaci\u00f3n est\u00e1n <b style=\"color: #c9020f;\">CERRADAS<\/b> porque se cubri\u00f3 las agendas de reuniones.\t\t\t\t\t\t<\/div>\n\t\t\t\t<\/div>\n\t\t\t\t\t<\/div>\n\t\t\t\t<\/div>\n\t\t<div class=\"elementor-element elementor-element-7f02385b e-flex e-con-boxed e-con e-parent\" data-id=\"7f02385b\" data-element_type=\"container\" data-settings=\"{&quot;background_background&quot;:&quot;classic&quot;,&quot;jet_parallax_layout_list&quot;:[]}\" data-core-v316-plus=\"true\">\n\t\t\t\t\t<div class=\"e-con-inner\">\n\t\t\t\t<div class=\"elementor-element elementor-element-173a683b elementor-widget elementor-widget-text-editor\" data-id=\"173a683b\" data-element_type=\"widget\" data-widget_type=\"text-editor.default\">\n\t\t\t\t<div class=\"elementor-widget-container\">\n\t\t\t\t\t\t\tDepartamento de Eventos<br>\nC\u00e1mara de Comercio Peruano China\t\t\t\t\t\t<\/div>\n\t\t\t\t<\/div>\n\t\t\t\t\t<\/div>\n\t\t\t\t<\/div>\n\t\t<div class=\"elementor-element elementor-element-10d31d75 e-flex e-con-boxed e-con e-parent\" data-id=\"10d31d75\" data-element_type=\"container\" data-settings=\"{&quot;background_background&quot;:&quot;classic&quot;,&quot;jet_parallax_layout_list&quot;:[]}\" data-core-v316-plus=\"true\">\n\t\t\t\t\t<div class=\"e-con-inner\">\n\t\t\t\t<div class=\"elementor-element elementor-element-43f370c1 elementor-widget elementor-widget-text-editor\" data-id=\"43f370c1\" data-element_type=\"widget\" data-widget_type=\"text-editor.default\">\n\t\t\t\t<div class=\"elementor-widget-container\">\n\t\t\t\t\t\t\t<p>Lima, 29 de Abril de 2026<\/p>\t\t\t\t\t\t<\/div>\n\t\t\t\t<\/div>\n\t\t\t\t\t<\/div>\n\t\t\t\t<\/div>\n\t\t\t\t<\/div>\n\t\t","protected":false},"excerpt":{"rendered":"<p>AVISO URGENTE Le agradecemos su inter\u00e9s en participar en la III EDICI\u00d3N PER\u00da \u2013 CHINA: RUEDA DE NEGOCIOS MINER\u00cdA, ENERG\u00cdA, TECNOLOG\u00cdA E INFRAESTRUCTURA , pero las inscripciones de participaci\u00f3n est\u00e1n CERRADAS porque se cubri\u00f3 las agendas de reuniones.Departamento de Eventos C\u00e1mara de Comercio Peruano China Lima, 29 de Abril de 2026<\/p>\n","protected":false},"author":1,"featured_media":0,"parent":0,"menu_order":0,"comment_status":"closed","ping_status":"closed","template":"elementor_canvas","meta":{"_kad_post_transparent":"","_kad_post_title":"hide","_kad_post_layout":"fullwidth","_kad_post_sidebar_id":"","_kad_post_content_style":"unboxed","_kad_post_vertical_padding":"hide","_kad_post_feature":"hide","_kad_post_feature_position":"","_kad_post_header":false,"_kad_post_footer":false,"footnotes":""},"class_list":["post-9265","page","type-page","status-publish","hentry"],"_links":{"self":[{"href":"https:\/\/www.capechi.org\/formulario\/wp-json\/wp\/v2\/pages\/9265","targetHints":{"allow":["GET"]}}],"collection":[{"href":"https:\/\/www.capechi.org\/formulario\/wp-json\/wp\/v2\/pages"}],"about":[{"href":"https:\/\/www.capechi.org\/formulario\/wp-json\/wp\/v2\/types\/page"}],"author":[{"embeddable":true,"href":"https:\/\/www.capechi.org\/formulario\/wp-json\/wp\/v2\/users\/1"}],"replies":[{"embeddable":true,"href":"https:\/\/www.capechi.org\/formulario\/wp-json\/wp\/v2\/comments?post=9265"}],"version-history":[{"count":10,"href":"https:\/\/www.capechi.org\/formulario\/wp-json\/wp\/v2\/pages\/9265\/revisions"}],"predecessor-version":[{"id":9497,"href":"https:\/\/www.capechi.org\/formulario\/wp-json\/wp\/v2\/pages\/9265\/revisions\/9497"}],"wp:attachment":[{"href":"https:\/\/www.capechi.org\/formulario\/wp-json\/wp\/v2\/media?parent=9265"}],"curies":[{"name":"wp","href":"https:\/\/api.w.org\/{rel}","templated":true}]}}